{"id":4154,"date":"2020-10-19T16:26:16","date_gmt":"2020-10-19T16:26:16","guid":{"rendered":"https:\/\/intactes.com\/es\/?page_id=4154"},"modified":"2021-09-23T05:10:09","modified_gmt":"2021-09-23T05:10:09","slug":"online","status":"publish","type":"page","link":"https:\/\/intactes.com\/es\/online","title":{"rendered":"Online"},"content":{"rendered":"<p>[vc_row][vc_column][vc_custom_heading text=&#8221;Aqu\u00ed puedes ver nuestras pel\u00edculas en l\u00ednea:&#8221; font_container=&#8221;tag:h2|text_align:center&#8221; use_theme_fonts=&#8221;yes&#8221;][\/vc_column][\/vc_row][vc_row][vc_column width=&#8221;1\/4&#8243;][\/vc_column][vc_column width=&#8221;1\/4&#8243;]<div class=\"edgtf-single-image-holder  edgtf-has-border   edgtf-image-align-left\">\n    <div class=\"edgtf-si-inner\" >\n                                    <img width=\"482\" height=\"676\" src=\"https:\/\/intactes.com\/es\/wp-content\/uploads\/2020\/05\/AL-OTRO-LADO-DEL-MURO_laureles_web.jpg\" class=\"attachment-full size-full\" alt=\"DOCUMENTARY THE OTHER SIDE OF THE WALL\" loading=\"lazy\" srcset=\"https:\/\/intactes.com\/es\/wp-content\/uploads\/2020\/05\/AL-OTRO-LADO-DEL-MURO_laureles_web.jpg 482w, https:\/\/intactes.com\/es\/wp-content\/uploads\/2020\/05\/AL-OTRO-LADO-DEL-MURO_laureles_web-214x300.jpg 214w\" sizes=\"(max-width: 482px) 100vw, 482px\" \/>\t                                    <\/div>\n<\/div>[vc_single_image image=&#8221;4236&#8243; img_size=&#8221;150&#215;30&#8243; alignment=&#8221;center&#8221; css_animation=&#8221;none&#8221;][\/vc_column][vc_column width=&#8221;1\/4&#8243;][vc_empty_space height=&#8221;40px&#8221;][vc_column_text]<strong>USA<\/strong>: disponible en <a href=\"https:\/\/www.amazon.com\/Other-Side-Wall-Pau-Ortiz\/dp\/B07K2L2FXG\" target=\"_blank\" rel=\"noopener noreferrer\">Amazon Prime<\/a>[\/vc_column_text][vc_single_image image=&#8221;4231&#8243; img_size=&#8221;200&#215;62&#8243; onclick=&#8221;custom_link&#8221; img_link_target=&#8221;_blank&#8221; link=&#8221;https:\/\/www.amazon.com\/Other-Side-Wall-Pau-Ortiz\/dp\/B07K2L2FXG&#8221;][vc_empty_space height=&#8221;50px&#8221;][vc_column_text]<strong>Spain<\/strong>: disponible en <a href=\"https:\/\/www.filmin.es\/pelicula\/al-otro-lado-del-muro\" target=\"_blank\" rel=\"noopener noreferrer\">FILMIN<\/a>[\/vc_column_text][vc_single_image image=&#8221;4232&#8243; img_size=&#8221;200&#215;75&#8243; onclick=&#8221;custom_link&#8221; img_link_target=&#8221;_blank&#8221; link=&#8221;https:\/\/www.filmin.es\/pelicula\/al-otro-lado-del-muro&#8221;][\/vc_column][vc_column width=&#8221;1\/4&#8243;][\/vc_column][\/vc_row]<\/p>\n","protected":false},"excerpt":{"rendered":"<p>[vc_row][vc_column][vc_custom_heading text=&#8221;Aqu\u00ed puedes ver nuestras pel\u00edculas en l\u00ednea:&#8221; font_container=&#8221;tag:h2|text_align:center&#8221; use_theme_fonts=&#8221;yes&#8221;][\/vc_column][\/vc_row][vc_row][vc_column width=&#8221;1\/4&#8243;][\/vc_column][vc_column width=&#8221;1\/4&#8243;][vc_single_image image=&#8221;4236&#8243; img_size=&#8221;150&#215;30&#8243; alignment=&#8221;center&#8221; css_animation=&#8221;none&#8221;][\/vc_column][vc_column width=&#8221;1\/4&#8243;][vc_empty_space [&hellip;]<\/p>\n","protected":false},"author":1,"featured_media":0,"parent":0,"menu_order":0,"comment_status":"closed","ping_status":"closed","template":"","meta":[],"yoast_head":"<!-- This site is optimized with the Yoast SEO plugin v15.3 - https:\/\/yoast.com\/wordpress\/plugins\/seo\/ -->\n<title>Online - Intactes<\/title>\n<meta name=\"robots\" content=\"index, follow, max-snippet:-1, max-image-preview:large, max-video-preview:-1\" \/>\n<link rel=\"canonical\" href=\"https:\/\/intactes.com\/es\/online\" \/>\n<meta property=\"og:locale\" content=\"es_ES\" \/>\n<meta property=\"og:type\" content=\"article\" \/>\n<meta property=\"og:title\" content=\"Online - Intactes\" \/>\n<meta property=\"og:description\" content=\"[vc_row][vc_column][vc_custom_heading text=&#8221;Aqu\u00ed puedes ver nuestras pel\u00edculas en l\u00ednea:&#8221; font_container=&#8221;tag:h2|text_align:center&#8221; use_theme_fonts=&#8221;yes&#8221;][\/vc_column][\/vc_row][vc_row][vc_column width=&#8221;1\/4&#8243;][\/vc_column][vc_column width=&#8221;1\/4&#8243;][vc_single_image image=&#8221;4236&#8243; img_size=&#8221;150&#215;30&#8243; alignment=&#8221;center&#8221; css_animation=&#8221;none&#8221;][\/vc_column][vc_column width=&#8221;1\/4&#8243;][vc_empty_space [&hellip;]\" \/>\n<meta property=\"og:url\" content=\"https:\/\/intactes.com\/es\/online\" \/>\n<meta property=\"og:site_name\" content=\"Intactes\" \/>\n<meta property=\"article:modified_time\" content=\"2021-09-23T05:10:09+00:00\" \/>\n<meta name=\"twitter:card\" content=\"summary_large_image\" \/>\n<meta name=\"twitter:label1\" content=\"Escrito por\">\n\t<meta name=\"twitter:data1\" content=\"Intactes\">\n\t<meta name=\"twitter:label2\" content=\"Tiempo de lectura\">\n\t<meta name=\"twitter:data2\" content=\"1 minuto\">\n<script type=\"application\/ld+json\" class=\"yoast-schema-graph\">{\"@context\":\"https:\/\/schema.org\",\"@graph\":[{\"@type\":\"WebSite\",\"@id\":\"https:\/\/intactes.com\/es\/#website\",\"url\":\"https:\/\/intactes.com\/es\/\",\"name\":\"Intactes\",\"description\":\"We tell stories\",\"potentialAction\":[{\"@type\":\"SearchAction\",\"target\":\"https:\/\/intactes.com\/es\/?s={search_term_string}\",\"query-input\":\"required name=search_term_string\"}],\"inLanguage\":\"es\"},{\"@type\":\"WebPage\",\"@id\":\"https:\/\/intactes.com\/es\/online#webpage\",\"url\":\"https:\/\/intactes.com\/es\/online\",\"name\":\"Online - Intactes\",\"isPartOf\":{\"@id\":\"https:\/\/intactes.com\/es\/#website\"},\"datePublished\":\"2020-10-19T16:26:16+00:00\",\"dateModified\":\"2021-09-23T05:10:09+00:00\",\"inLanguage\":\"es\",\"potentialAction\":[{\"@type\":\"ReadAction\",\"target\":[\"https:\/\/intactes.com\/es\/online\"]}]}]}<\/script>\n<!-- \/ Yoast SEO plugin. -->","_links":{"self":[{"href":"https:\/\/intactes.com\/es\/wp-json\/wp\/v2\/pages\/4154"}],"collection":[{"href":"https:\/\/intactes.com\/es\/wp-json\/wp\/v2\/pages"}],"about":[{"href":"https:\/\/intactes.com\/es\/wp-json\/wp\/v2\/types\/page"}],"author":[{"embeddable":true,"href":"https:\/\/intactes.com\/es\/wp-json\/wp\/v2\/users\/1"}],"replies":[{"embeddable":true,"href":"https:\/\/intactes.com\/es\/wp-json\/wp\/v2\/comments?post=4154"}],"version-history":[{"count":0,"href":"https:\/\/intactes.com\/es\/wp-json\/wp\/v2\/pages\/4154\/revisions"}],"wp:attachment":[{"href":"https:\/\/intactes.com\/es\/wp-json\/wp\/v2\/media?parent=4154"}],"curies":[{"name":"wp","href":"https:\/\/api.w.org\/{rel}","templated":true}]}}